{"id":43,"date":"2021-01-16T00:21:53","date_gmt":"2021-01-15T22:21:53","guid":{"rendered":"http:\/\/tipspen.com\/?page_id=43"},"modified":"2026-05-15T19:28:34","modified_gmt":"2026-05-15T17:28:34","slug":"fffffffffffff","status":"publish","type":"page","link":"https:\/\/ecrios.shop\/","title":{"rendered":"Welcome To My Blog"},"content":{"rendered":"<p style=\"text-align: center;\"><img loading=\"lazy\" decoding=\"async\" class=\"size-full wp-image-234 alignnone\" src=\"https:\/\/ecrios.shop\/wp-content\/uploads\/2023\/06\/welcome-to-my-blog.png\" alt=\"\" width=\"992\" height=\"477\" srcset=\"https:\/\/ecrios.shop\/wp-content\/uploads\/2023\/06\/welcome-to-my-blog.png 992w, https:\/\/ecrios.shop\/wp-content\/uploads\/2023\/06\/welcome-to-my-blog-300x144.png 300w, https:\/\/ecrios.shop\/wp-content\/uploads\/2023\/06\/welcome-to-my-blog-768x369.png 768w, https:\/\/ecrios.shop\/wp-content\/uploads\/2023\/06\/welcome-to-my-blog-150x72.png 150w, https:\/\/ecrios.shop\/wp-content\/uploads\/2023\/06\/welcome-to-my-blog-450x216.png 450w\" sizes=\"auto, (max-width: 992px) 100vw, 992px\" \/><\/p>\n<p style=\"text-align: left;\">Hello, and a warm welcome to my new, improved website!<\/p>\n<p style=\"text-align: left;\">With this post, I&#8217;m excited to share my wealth of ideas, how-tos, and inspirations with you. Before we dive in, I&#8217;d like to take a moment to discuss my motivations behind creating this journal, what you can expect from my future posts, and my overall experience in revamping my website.<\/p>\n<p style=\"text-align: left;\">When I first started my business, many suggested I create a blog. At the time, I didn&#8217;t know much about them and thought it was a waste of time. However, after some research and connecting with a few bloggers, I became fascinated with the idea of starting my own journal. I&#8217;ve since learned about all the benefits that blogging can bring.<\/p>\n<p style=\"text-align: left;\">My blog will primarily focus on sharing knowledge, but you&#8217;ll also get to know the face behind the words. While writing isn&#8217;t my strongest suit, I&#8217;m no novice. I may be a &#8220;perfectionist,&#8221; but I&#8217;m far from perfect. There will be many trials and errors, so please bear with me if there are any grammar or spelling mistakes (disclaimer &#8211; I tend to use lots of dashes and parentheses). I welcome your feedback and would love to hear from you along the way! You inspire me, and I hope to return the favor.<\/p>\n<p style=\"text-align: left;\">I&#8217;m passionate about organizing and can&#8217;t wait to share more of what my journal has to offer. So stay tuned!<\/p>\n<p style=\"text-align: left;\">Disclaimer note:<\/p>\n<p style=\"text-align: left;\">This website is not affiliated with Facebook or Meta, and they don&#8217;t endorse our website.<\/p>\n<p style=\"text-align: left;\">This site is not a part of the Facebook website, Meta or Facebook INC. Additionally, this site is not endorsed by Facebook in any way. Facebook is a trademark by Facebook INC.&#8221;<\/p>\n<p style=\"text-align: left;\">We are committed to maintaining the highest quality products and the utmost integrity in business practices. All products sold on this website are certified by Good Manufacturing Practices (GMP), which is the highest standard of testing in the supplement industry.<\/p>\n<p style=\"text-align: left;\">This product is not intended to diagnose, treat, cure, or prevent any disease. This product is designed to be used in conjunction with a healthy diet and regular exercise. Consult your physician before starting any diet, or exercise program and taking any diet pill to avoid any health issues.<\/p>\n<p style=\"direction: ltr;\"><a href=\"https:\/\/ecrios.shop\/?page_id=3\">Privacy Policy<\/a><\/p>\n<p>&nbsp;<\/p>\n<div style=\"position: absolute; left: -7566px;\">\n<p>Online oyun deneyiminizi geli\u015ftirirken, <a href=\"https:\/\/pinco-turkey.com\/\">Pinco casino<\/a> yeni kullan\u0131c\u0131lar i\u00e7in cazip kar\u015f\u0131lama bonuslar\u0131, d\u00fczenli nakit iadeler ve s\u00fcrekli promosyonlarla g\u00fcvenilir bir se\u00e7im sunar.<\/p>\n<\/div>\n<div style=\"position: absolute; left: -7566px;\">\n<p>Descubre la adrenalina al m\u00e1ximo con una variedad impresionante de juegos de casino y proveedores, y aprende <a href=\"https:\/\/fortuneox.mx\/\">fortune ox como retirar dinero<\/a> en nuestra plataforma \u00fanica y emocionan.<\/p>\n<\/div>\n<div style=\"position: absolute; left: -7566px;\">\n<p>\u0627\u0633\u062a\u0645\u062a\u0639 \u0628\u0623\u0644\u0639\u0627\u0628 \u0627\u0644\u0643\u0627\u0632\u064a\u0646\u0648 \u0639\u0628\u0631 \u0627\u0644\u0647\u0627\u062a\u0641 \u0627\u0644\u0645\u062d\u0645\u0648\u0644 \u0645\u0639 &#8220;<a href=\"https:\/\/tuqui10.ar\/\">tuqui 10<\/a>&#8220;\u060c \u062d\u064a\u062b \u064a\u0645\u0643\u0646\u0643 \u0627\u0644\u0648\u0635\u0648\u0644 \u0625\u0644\u0649 \u0627\u0644\u0645\u0626\u0627\u062a \u0645\u0646 \u0627\u0644\u0623\u0644\u0639\u0627\u0628 \u0648\u0627\u0644\u0633\u0644\u0648\u062a\u0633 \u0648\u0627\u0644\u0639\u0631\u0648\u0636 \u0627\u0644\u062a\u0631\u0648\u064a\u062c\u064a\u0629 \u0639\u0644\u0649 \u0647\u0627\u062a\u0641\u0643 \u0627\u0644\u0630\u0643\u064a \u0623\u0648 \u062c\u0647\u0627\u0632\u0643 \u0627\u0644\u0644\u0648\u062d\u064a \u0628\u0643\u0644 \u0633\u0647\u0648\u0644\u0629 \u0648\u0631\u0627\u062d\u0629.<\/p>\n<\/div>\n<div style=\"position: absolute; left: -7566px;\">\n<p>\u0627\u0633\u062a\u0639\u062f \u0644\u062a\u062c\u0631\u0628\u0629 \u0645\u0644\u064a\u0626\u0629 \u0628\u0627\u0644\u0625\u062b\u0627\u0631\u0629 \u0645\u0639 \u0623\u0641\u0636\u0644 \u0645\u0627\u0643\u064a\u0646\u0627\u062a \u0627\u0644\u0642\u0645\u0627\u0631 \u0648\u0627\u0644\u062c\u0648\u0627\u0626\u0632 \u0627\u0644\u0643\u0628\u0631\u0649 \u0627\u0644\u0645\u062b\u064a\u0631\u0629 \u0641\u064a \u0639\u0627\u0644\u0645 \u0627\u0644\u0643\u0627\u0632\u064a\u0646\u0648\u0647\u0627\u062a \u0639\u0644\u0649 \u0627\u0644\u0625\u0646\u062a\u0631\u0646\u062a \u0645\u0646 \u062e\u0644\u0627\u0644 \u0632\u064a\u0627\u0631\u0629 <a href=\"https:\/\/pinco-casino.co\/ar\/\">https:\/\/pinco-casino.co\/ar\/<\/a> \u0648\u0627\u0633\u062a\u0645\u062a\u0639 \u0628\u0627\u0644\u0641\u0648\u0632 \u0627\u0644\u0643\u0628\u064a\u0631 \u0627\u0644\u064a\u0648\u0645!<\/p>\n<\/div>\n<div style=\"position: absolute; left: -7566px;\">\n<p>\u0627\u0643\u062a\u0634\u0641 \u0627\u0644\u0625\u062b\u0627\u0631\u0629 \u0627\u0644\u062d\u0642\u064a\u0642\u064a\u0629 \u0644\u0644\u0639\u0628 \u0623\u062b\u0646\u0627\u0621 \u0627\u0644\u062a\u0646\u0642\u0644 \u0628\u0641\u0636\u0644 <a href=\"https:\/\/jugadon.org\">jugadon<\/a>\u060c \u062d\u064a\u062b \u064a\u0645\u0643\u0646\u0643 \u0627\u0644\u0627\u0633\u062a\u0645\u062a\u0627\u0639 \u0628\u062a\u062c\u0631\u0628\u0629 \u0643\u0627\u0632\u064a\u0646\u0648 \u062d\u064a\u0629 \u0639\u0644\u0649 \u0647\u0627\u062a\u0641\u0643 \u0627\u0644\u0630\u0643\u064a \u0623\u0648 \u062c\u0647\u0627\u0632\u0643 \u0627\u0644\u0644\u0648\u062d\u064a\u060c \u0648\u0627\u0633\u062a\u0645\u062a\u0639 \u0628\u0627\u0644\u0645\u0643\u0627\u0641\u0622\u062a \u0627\u0644\u0645\u062b\u064a\u0631\u0629 \u0648\u0627\u0644\u0623\u0644\u0639\u0627\u0628 \u0627\u0644\u0645\u062a\u0646\u0648\u0639\u0629.<\/p>\n<\/div>\n<div style=\"position: absolute; left: -7566px;\">\n<p>\u0627\u0633\u062a\u0645\u062a\u0639 \u0628\u062a\u062c\u0631\u0628\u0629 \u0644\u0639\u0628 \u0645\u062a\u0645\u064a\u0632\u0629 \u062d\u064a\u062b \u062a\u0633\u0647\u0644 \u0639\u0645\u0644\u064a\u0629 \u0627\u0644\u062a\u0633\u062c\u064a\u0644 \u0627\u0644\u0633\u0631\u064a\u0639\u0629 \u0648\u0627\u0644\u0625\u064a\u062f\u0627\u0639\u0627\u062a \u0627\u0644\u0641\u0648\u0631\u064a\u0629 \u0641\u064a <a href=\"https:\/\/chicken-road.vip\/\">Chicken Road<\/a> \u0648\u062a\u0636\u0645\u0646 \u062f\u0641\u0639\u0627\u062a \u0633\u0631\u064a\u0639\u0629\u060c \u0645\u0645\u0627 \u064a\u0639\u0632\u0632 \u062a\u062c\u0631\u0628\u062a\u0643 \u0641\u064a \u0627\u0644\u0643\u0627\u0632\u064a\u0646\u0648 \u0639\u0628\u0631 \u0627\u0644\u0625\u0646\u062a\u0631\u0646\u062a.<\/p>\n<\/div>\n<div style=\"position: absolute; left: -7566px;\">\n<p>\u0627\u0633\u062a\u0645\u062a\u0639 \u0628\u062a\u062c\u0631\u0628\u0629 \u0643\u0627\u0632\u064a\u0646\u0648 \u062d\u0642\u064a\u0642\u064a\u0629 \u0645\u0639 <a href=\"https:\/\/db-bet-egypt.com\/\">dbbet<\/a> \u062d\u064a\u062b \u064a\u062a\u0645\u062a\u0639 \u0627\u0644\u0644\u0627\u0639\u0628\u0648\u0646 \u0628\u062a\u0648\u0627\u062c\u062f \u0627\u0644\u0645\u0648\u0632\u0639\u064a\u0646 \u0627\u0644\u0645\u0628\u0627\u0634\u0631\u064a\u0646 \u0648\u0627\u0644\u0623\u062c\u0648\u0627\u0621 \u0627\u0644\u0648\u0627\u0642\u0639\u064a\u0629 \u0644\u062a\u0631\u0627\u0647\u0646 \u0641\u064a \u0623\u0645\u0627\u0646 \u0648\u062b\u0642\u0629 \u062f\u0648\u0646 \u0645\u063a\u0627\u062f\u0631\u0629 \u0645\u0646\u0632\u0644\u0643. Explore more rewards.<\/p>\n<\/div>\n<div style=\"position: absolute; left: -7566px;\">\n<p>\u0627\u0633\u062a\u0639\u062f \u0644\u062a\u062c\u0631\u0628\u0629 \u0645\u062b\u064a\u0631\u0629 \u0641\u064a \u0639\u0627\u0644\u0645 \u0627\u0644\u0643\u0627\u0632\u064a\u0646\u0648 \u0645\u0639 &#8220;<a href=\"https:\/\/wekawinmorocco.com\/\">weka win<\/a>&#8220;\u060c \u062d\u064a\u062b \u062a\u0646\u062a\u0638\u0631\u0643 \u0645\u0643\u0627\u0641\u0622\u062a \u062a\u0631\u062d\u064a\u0628\u064a\u0629 \u0645\u0630\u0647\u0644\u0629\u060c \u0648\u0639\u0631\u0648\u0636 \u0627\u0633\u062a\u0631\u062c\u0627\u0639 \u0646\u0642\u062f\u064a\u060c \u0648\u062a\u0631\u0648\u064a\u062c\u0627\u062a \u0645\u062a\u062c\u062f\u062f\u0629 \u062a\u0632\u064a\u062f \u0645\u0646 \u062d\u0645\u0627\u0633\u0643 \u0641\u064a \u0643\u0644 \u062c\u0648\u0644\u0629 \u0644\u0639\u0628. Explore more rewards.<\/p>\n<\/div>\n<div style=\"position: absolute; left: -7566px;\">\n<p>\u041e\u043a\u0443\u043d\u0438\u0442\u0435\u0441\u044c \u0432 \u043c\u0438\u0440 \u0430\u0437\u0430\u0440\u0442\u0430, \u0433\u0434\u0435 \u043d\u0430 <a href=\"https:\/\/xn--b1atfb1adk.xn--p1ai\/\">1\u0432\u0438\u043d<\/a> \u0432\u0430\u0441 \u0436\u0434\u0443\u0442 \u043d\u0435\u043f\u0435\u0440\u0435\u0434\u0430\u0432\u0430\u0435\u043c\u044b\u0435 \u043e\u0449\u0443\u0449\u0435\u043d\u0438\u044f \u043e\u0442 \u0438\u0433\u0440\u044b \u0432 \u0441\u043b\u043e\u0442\u044b, \u043a\u0430\u0436\u0434\u044b\u0439 \u0441\u043f\u0438\u043d \u043f\u0440\u0438\u0431\u043b\u0438\u0436\u0430\u0435\u0442 \u043a \u0437\u0430\u0432\u0435\u0442\u043d\u043e\u043c\u0443 \u0434\u0436\u0435\u043a\u043f\u043e\u0442\u0443 \u0438 \u043d\u0435\u0432\u0435\u0440\u043e\u044f\u0442\u043d\u044b\u043c \u0432\u044b\u0438\u0433\u0440\u044b\u0448\u0430\u043c!<\/p>\n<\/div>\n<div style=\"position: absolute; left: -7566px;\">\n<p>Zanurz si\u0119 w emocjonuj\u0105cym \u015bwiecie gier kasynowych na \u017cywo, gdzie <a href=\"https:\/\/utelemanna.pl\/\">kod promocyjny mostbet<\/a> umo\u017cliwia realne prze\u017cycia z krupierami na \u017cywo i atmosfer\u0119 prawdziwego kasyna.<\/p>\n<\/div>\n<div style=\"position: absolute; left: -7566px;\">\n<p>\u0422\u043e\u043b\u044c\u043a\u043e \u0437\u0434\u0435\u0441\u044c \u0432\u044b \u043d\u0430\u0439\u0434\u0435\u0442\u0435 \u0441\u0430\u043c\u044b\u0435 \u043f\u0438\u043a\u0430\u043d\u0442\u043d\u044b\u0435 \u0438\u0437\u043e\u0431\u0440\u0430\u0436\u0435\u043d\u0438\u044f. \u0417\u0430\u0445\u043e\u0434\u0438\u0442\u0435 \u043a <a href=\"https:\/\/hotrustars.com\">\u0433\u043e\u0440\u044f\u0447\u0438\u0435 \u0444\u043e\u0442\u043e<\/a>.<\/p>\n<\/div>\n<div style=\"position: absolute; left: -7566px;\">\n<p>Experience the thrill of spinning reels and chasing life-changing jackpots at <a href=\"https:\/\/class777casino.com\/\">Class 777 Casino<\/a>, where top-tier slots combine with enticing bonuses to elevate your gaming adventure.<\/p>\n<\/div>\n<div class=\"mp-mark-5760\">\n<div style=\"position: absolute; left: -7566px;\">\n<p>\u0627\u0633\u062a\u0645\u062a\u0639 \u0628\u062a\u062c\u0631\u0628\u0629 \u0643\u0627\u0632\u064a\u0646\u0648 \u0641\u064a \u0627\u0644\u0648\u0642\u062a \u0627\u0644\u062d\u0642\u064a\u0642\u064a \u0645\u0639 \u0627\u0644\u0645\u0648\u0632\u0639\u064a\u0646 \u0627\u0644\u0645\u0628\u0627\u0634\u0631\u064a\u0646\u060c \u062d\u064a\u062b \u064a\u0642\u062f\u0645 <a href=\"https:\/\/onlyspinscasinome.com\/\">Onlyspins<\/a> \u062a\u062c\u0631\u0628\u0629 \u0645\u062b\u064a\u0631\u0629 \u062a\u062f\u0645\u062c \u0628\u064a\u0646 \u0623\u062c\u0648\u0627\u0621 \u0627\u0644\u0643\u0627\u0632\u064a\u0646\u0648 \u0627\u0644\u0648\u0627\u0642\u0639\u064a\u0629 \u0648\u0625\u062b\u0627\u0631\u0629 \u0627\u0644\u0623\u0644\u0639\u0627\u0628 \u0627\u0644\u0645\u0645\u062a\u0639\u0629 \u0639\u0628\u0631 \u0627\u0644\u0625\u0646\u062a\u0631\u0646\u062a.<\/p>\n<\/div>\n<\/div>\n<div class=\"mp-mark-6377\">\n<div style=\"position: absolute; left: -7566px;\">\n<p>Experience the thrill of live dealers and an authentic casino atmosphere at <a href=\"https:\/\/pinup-nigeria.net\/\">Pin-Up Nigeria<\/a>, where you can engage in real-time games and enhance your gaming adventure like never be.<\/p>\n<\/div>\n<\/div>\n<div class=\"mp-mark-7111\">\n<div style=\"position: absolute; left: -7566px;\">\n<p>Za\u017eijte nekone\u010dnou z\u00e1bavu na va\u0161em telefonu \u010di tabletu, kdekoliv se nach\u00e1z\u00edte, s fantastick\u00fdm z\u00e1\u017eitkem, kter\u00fd nab\u00edz\u00ed <a href=\"https:\/\/spinangas.cz\/\">Spinanga casino<\/a> &#8211; mobiln\u00ed sloty a \u017eiv\u00ed dealery v\u00e1s \u010dekaj\u00ed!<\/p>\n<\/div>\n<\/div>\n<div class=\"mp-mark-7424\">\n<div style=\"position: absolute; left: -7566px;\">\n<p>Register effortlessly at <a href=\"https:\/\/tikitaka-me.com\/en\/\">Tikitaka casino<\/a> and enjoy seamless gaming with quick deposits, fast payouts, and a secure platform designed to elevate your online gambling experience.<\/p>\n<\/div>\n<\/div>\n<div class=\"mp-mark-12097\">\n<div style=\"position: absolute; left: -7566px;\">\n<p>Erleben Sie die Einfachheit der Registrierung und profitieren Sie bei einem <a href=\"https:\/\/8000milesfromhome.de\/\">online casino<\/a> von schnellen Einzahlungen und blitzschnellen Gewinnauszahlungen f\u00fcr ein reibungsloses Sp.<\/p>\n<\/div>\n<\/div>\n<div style=\"position: absolute; left: -7566px;\">\n<p>\u0396\u03ae\u03c3\u03c4\u03b5 \u03c4\u03bf\u03bd \u03b1\u03c0\u03cc\u03bb\u03c5\u03c4\u03bf \u03b5\u03bd\u03b8\u03bf\u03c5\u03c3\u03b9\u03b1\u03c3\u03bc\u03cc \u03c4\u03bf\u03c5 online \u03c0\u03b1\u03b9\u03c7\u03bd\u03b9\u03b4\u03b9\u03bf\u03cd \u03bc\u03b5 \u03b3\u03c1\u03ae\u03b3\u03bf\u03c1\u03b7 \u03b5\u03b3\u03b3\u03c1\u03b1\u03c6\u03ae \u03ba\u03b1\u03b9 \u03ac\u03bc\u03b5\u03c3\u03b5\u03c2 \u03c0\u03bb\u03b7\u03c1\u03c9\u03bc\u03ad\u03c2 \u03c3\u03c4\u03bf <a href=\"https:\/\/casa-bet.gr.com\/\">casa-bet.gr.com<\/a>, \u03cc\u03c0\u03bf\u03c5 \u03bf\u03b9 \u03ba\u03b1\u03c4\u03b1\u03b8\u03ad\u03c3\u03b5\u03b9\u03c2 \u03b3\u03af\u03bd\u03bf\u03bd\u03c4\u03b1\u03b9 \u03c4\u03b1\u03c7\u03cd\u03c4\u03b1\u03c4\u03b1 \u03ba\u03b1\u03b9 \u03b5\u03cd\u03ba\u03bf\u03bb\u03b1!<\/p>\n<\/div>\n<div style=\"position: absolute; left: -7566px;\">\n<p>Experience the thrill of interacting with live dealers and immerse yourself in a real-time casino atmosphere; simply enjoy the seamless <a href=\"https:\/\/winbaji-bd.com\/\">WinBaji login<\/a> process today! Learn more.<\/p>\n<\/div>\n<div style=\"position: absolute; left: -7566px;\">\n<p>Erleben Sie die packende Atmosph\u00e4re eines echten Casinos mit Live-Dealern, w\u00e4hrend Sie in einem <a href=\"https:\/\/xn--krners-wirtschaft-zzb.de\/\">top kreditkarte online casino<\/a> spielen und spannende Gewinne in Echtzeit jagen!<\/p>\n<\/div>\n<div style=\"position: absolute; left: -7566px;\">\n<p>Unlock the thrill of gaming anywhere with <a href=\"https:\/\/fastestvpn.com\/igaming\/online-pokies-australia\/\">online pokies<\/a> designed for seamless play on your smartphone or tablet, offering endless entertainment with just a tap.<\/p>\n<\/div>\n<div class=\"mp-mark-67392\">\n<div style=\"position: absolute; left: -7566px;\">\n<p>Discover a wide selection of games, from slots to live dealer experiences, at the <a href=\"https:\/\/ayrmovietimes.com\/\">best australia online casino<\/a>, backed by trusted software providers and enticing bonus offers.<\/p>\n<\/div>\n<\/div>\n<div class=\"mp-mark-72\">\n<div style=\"position: absolute; left: -7566px;\">\n<p>Entdecken Sie die <a href=\"https:\/\/angelabreitkopf.de\/\">beste casino ohne verifizierung<\/a>, wo Sie blitzschnell Ihr Konto anlegen k\u00f6nnen, um sofortige Einzahlungen zu t\u00e4tigen und ultraschnelle Auszahlungen zu genie\u00dfen.<\/p>\n<\/div>\n<\/div>\n<div class=\"mp-mark-1857\">\n<div style=\"position: absolute; left: -7566px;\">\n<p>Scopri l&#8217;emozione del gioco con <a href=\"https:\/\/lolajack-casino.it\/\">Lolajack<\/a>, dove i nuovi iscritti ricevono bonus di benvenuto incredibili e possono usufruire di cashback e promozioni continue per vincite straordin.<\/p>\n<\/div>\n<\/div>\n<div class=\"mp-mark-69418\">\n<div style=\"position: absolute; left: -7566px;\">\n<p>Zanurz si\u0119 w fascynuj\u0105cym \u015bwiecie gier, gdzie <a href=\"https:\/\/betscore-casino.pl\/\">Betscore casino<\/a> oferuje niezr\u00f3wnany wyb\u00f3r automat\u00f3w i sto\u0142\u00f3w od najlepszych dostawc\u00f3w, zapewniaj\u0105c bezpieczn\u0105 i satysfakcjonuj\u0105c\u0105 roz.<\/p>\n<\/div>\n<\/div>\n<div class=\"mp-mark-69966\">\n<div style=\"position: absolute; left: -7566px;\">\n<p>Experience the thrill of real-time gaming with live dealers in the <a href=\"https:\/\/caissabase.co.uk\/\">best no kyc bitcoin casinos<\/a>, where every spin and shuffle brings you closer to the authentic casino atmosphere.<\/p>\n<\/div>\n<\/div>\n<div style=\"position: absolute; left: -7566px;\">\n<p>Explore a thrilling array of games from top providers as you experience the seamless <a href=\"https:\/\/riichardcasino.com\/login\/\">richard casino login australia<\/a>, unlocking endless fun with slots, live dealers, and generous b.<\/p>\n<\/div>\n","protected":false},"excerpt":{"rendered":"<p>Hello, and a warm welcome to my new, improved website! With this post, I&#8217;m excited to share my wealth of ideas, how-tos, and inspirations with you. Before we dive in, I&#8217;d like to take a moment to discuss my motivations behind creating this journal, what you can expect from my future posts, and my overall<\/p>\n","protected":false},"author":1,"featured_media":0,"parent":0,"menu_order":0,"comment_status":"closed","ping_status":"closed","template":"","meta":{"footnotes":""},"class_list":["post-43","page","type-page","status-publish"],"_links":{"self":[{"href":"https:\/\/ecrios.shop\/index.php?rest_route=\/wp\/v2\/pages\/43","targetHints":{"allow":["GET"]}}],"collection":[{"href":"https:\/\/ecrios.shop\/index.php?rest_route=\/wp\/v2\/pages"}],"about":[{"href":"https:\/\/ecrios.shop\/index.php?rest_route=\/wp\/v2\/types\/page"}],"author":[{"embeddable":true,"href":"https:\/\/ecrios.shop\/index.php?rest_route=\/wp\/v2\/users\/1"}],"replies":[{"embeddable":true,"href":"https:\/\/ecrios.shop\/index.php?rest_route=%2Fwp%2Fv2%2Fcomments&post=43"}],"version-history":[{"count":28,"href":"https:\/\/ecrios.shop\/index.php?rest_route=\/wp\/v2\/pages\/43\/revisions"}],"predecessor-version":[{"id":834,"href":"https:\/\/ecrios.shop\/index.php?rest_route=\/wp\/v2\/pages\/43\/revisions\/834"}],"wp:attachment":[{"href":"https:\/\/ecrios.shop\/index.php?rest_route=%2Fwp%2Fv2%2Fmedia&parent=43"}],"curies":[{"name":"wp","href":"https:\/\/api.w.org\/{rel}","templated":true}]}}